{"id":52,"date":"2010-01-30T11:33:47","date_gmt":"2010-01-30T09:33:47","guid":{"rendered":"http:\/\/www.park-immobilien.net\/wp\/?page_id=52"},"modified":"2019-02-14T12:15:19","modified_gmt":"2019-02-14T11:15:19","slug":"impressum","status":"publish","type":"page","link":"http:\/\/www.park-immobilien.net\/?page_id=52","title":{"rendered":"Impressum"},"content":{"rendered":"<h4><strong>Inh. Wolfgang Stryewski<\/strong><\/h4>\n<h4>Kaufmann der Grundst\u00fccks und Wohnungswirtschaft<\/h4>\n<h4><strong>Sachverst\u00e4ndiger f\u00fcr Immobilienbewertung<\/strong><\/h4>\n<h4><strong>Virchowstr. 86<\/strong><br \/>\n<strong> 45886 Gelsenkirchen<\/strong><\/h4>\n<h4><strong>Tel.: 0209 &#8211; 20 20 10<\/strong><br \/>\n<strong> Mobil: 0171 &#8211; 5439625<\/strong><br \/>\n<strong> Fax: 0209 &#8211; 148 50 30<\/strong><\/h4>\n<h4><strong> Steuer &#8211; Nr. 319\/5586\/5611<\/strong><\/h4>\n<p><strong><br \/>\n<\/strong><\/p>\n<h4><strong>Aufsichtsbeh\u00f6rde<\/strong><\/h4>\n<h4><strong>Gewerbeerlaubnis gem. \u00a734c GewO<\/strong><\/h4>\n<h4><strong>Stadt Gelsenkirchen<\/strong><\/h4>\n<h4><strong>Referat 30 <\/strong><\/h4>\n<h4><strong>&#8211; Recht und\u00a0Ordnung &#8211;<\/strong><\/h4>\n<h4><strong>45875 Gelsenkirchen<\/strong><\/h4>\n<h4><strong><br \/>\n<\/strong><\/h4>\n<p><strong><br \/>\n<\/strong><\/p>\n<p><strong> <\/strong><\/p>\n","protected":false},"excerpt":{"rendered":"<p>Inh. Wolfgang Stryewski Kaufmann der Grundst\u00fccks und Wohnungswirtschaft Sachverst\u00e4ndiger f\u00fcr Immobilienbewertung Virchowstr. 86 45886 Gelsenkirchen Tel.: 0209 &#8211; 20 20 10 Mobil: 0171 &#8211; 5439625 Fax: 0209 &#8211; 148 50 30 Steuer &#8211; Nr. 319\/5586\/5611 Aufsichtsbeh\u00f6rde Gewerbeerlaubnis gem. \u00a734c GewO Stadt Gelsenkirchen Referat 30 &#8211; Recht und\u00a0Ordnung &#8211; 45875 Gelsenkirchen<\/p>\n","protected":false},"author":1,"featured_media":0,"parent":0,"menu_order":0,"comment_status":"open","ping_status":"open","template":"","meta":[],"_links":{"self":[{"href":"http:\/\/www.park-immobilien.net\/index.php?rest_route=\/wp\/v2\/pages\/52"}],"collection":[{"href":"http:\/\/www.park-immobilien.net\/index.php?rest_route=\/wp\/v2\/pages"}],"about":[{"href":"http:\/\/www.park-immobilien.net\/index.php?rest_route=\/wp\/v2\/types\/page"}],"author":[{"embeddable":true,"href":"http:\/\/www.park-immobilien.net\/index.php?rest_route=\/wp\/v2\/users\/1"}],"replies":[{"embeddable":true,"href":"http:\/\/www.park-immobilien.net\/index.php?rest_route=%2Fwp%2Fv2%2Fcomments&post=52"}],"version-history":[{"count":37,"href":"http:\/\/www.park-immobilien.net\/index.php?rest_route=\/wp\/v2\/pages\/52\/revisions"}],"predecessor-version":[{"id":2670,"href":"http:\/\/www.park-immobilien.net\/index.php?rest_route=\/wp\/v2\/pages\/52\/revisions\/2670"}],"wp:attachment":[{"href":"http:\/\/www.park-immobilien.net\/index.php?rest_route=%2Fwp%2Fv2%2Fmedia&parent=52"}],"curies":[{"name":"wp","href":"https:\/\/api.w.org\/{rel}","templated":true}]}}